{"id":2274,"date":"2020-02-28T08:01:12","date_gmt":"2020-02-28T08:01:12","guid":{"rendered":"http:\/\/www.mapu-wines.com\/mentions-legales\/"},"modified":"2023-07-27T13:28:16","modified_gmt":"2023-07-27T13:28:16","slug":"menciones-legales","status":"publish","type":"page","link":"https:\/\/www.mapu-wines.com\/es\/menciones-legales\/","title":{"rendered":"Menciones legales"},"content":{"rendered":"<h2>INFORMACI\u00d3N Y ALCOHOL<\/h2>\n<p>Baron Philippe de Rothschild Maipo Chile SpA mantiene este sitio web actualizado para el uso personal de personas legalmente autorizadas a consumir bebidas alcoh\u00f3licas en pa\u00edses donde dicho consumo es legal.<\/p>\n<h2>TODOS LOS DERECHOS RESERVADOS<\/h2>\n<p>Baron Philippe de Rothschild Maipo Chile SpA es el propietario \u00fanico de los logotipos, derechos de autor y otros derechos de propiedad intelectual e industrial utilizados en su sitio web. Todo uso no autorizado de la totalidad o parte de estos derechos por parte de terceros puede dar lugar a acciones legales.<br \/>\nEste sitio web ha sido realizado y editado por Baron Philippe de Rothschild S.A. El sitio web est\u00e1 alojado por la sociedad Systonic &#8211; B\u00e2timent Canop\u00e9e Parc Amperis &#8211; 6 rue Adrienne Bolland &#8211; 33600 Pessac.<\/p>\n<h2>MARCAS<\/h2>\n<p>Las marcas y logotipos que aparecen en este sitio web son propiedad de Baron Philippe de Rothschild Maipo Chile SpA y no pueden utilizarse con fines publicitarios sin el consentimiento previo por escrito del titular de la marca. Queda estrictamente prohibida toda reproducci\u00f3n total o parcial de este sitio web, tanto en Francia como en el extranjero, teniendo en cuenta las disposiciones legales vigentes en materia de propiedad intelectual y art\u00edstica.<\/p>\n<h2>COOKIES<\/h2>\n<p>Tenga en cuenta que, cuando visite el sitio web, es posible que se instale autom\u00e1ticamente una cookie en su navegador. La cookie no permite identificar al usuario, pero se utiliza para registrar informaci\u00f3n relativa a su navegaci\u00f3n por el sitio web. Puede configurar su navegador para que le avise cuando se instale una cookie y rechazarla si lo desea.<\/p>\n<h2>LIENS<\/h2>\n<p>Cualquier informaci\u00f3n relativa a Baron Philippe de Rothschild Maipo Chile SpA de cualquier \u00edndole que pueda encontrarse en Internet fuera de nuestro sitio web habr\u00e1 sido transmitida sin nuestra autorizaci\u00f3n y control, por lo que no incurrir\u00e1 en responsabilidad alguna por nuestra parte. Baron Philippe de Rothschild Maipo Chile SpA no se hace responsable de ning\u00fan otro sitio web al que se pueda acceder a trav\u00e9s del sitio web de Escudo Rojo y no tiene ning\u00fan control ni responsabilidad sobre el contenido de dichos sitios web.<br \/>\nBajo ninguna circunstancia Baron Philippe de Rothschild Maipo Chile SpA ser\u00e1 responsable de cualquier da\u00f1o directo, indirecto o especial que resulte del uso de este sitio web o de otros sitios web vinculados a \u00e9l, en particular cualquier p\u00e9rdida econ\u00f3mica o comercial, p\u00e9rdida de programas o datos en su sistema de informaci\u00f3n o cualquier otra p\u00e9rdida, incluso si Baron Philippe de Rothschild Maipo Chile SpA ha tenido conocimiento de la posibilidad de que se produzcan dichos da\u00f1os.<\/p>\n<h2>CR\u00c9DITOS<\/h2>\n<h3><strong>Alojamiento web<\/strong> :<\/h3>\n<p>Systonic \u2013 B\u00e2timent Canop\u00e9e Parc Amperis &#8211; 6 rue Adrienne Bolland \u2013 33600 Pessac<\/p>\n<h3>Dise\u00f1o :<\/h3>\n<p>Agence Bespoke &#8211; 14 Place Marie-Jeanne Bassot &#8211; 92300 Levallois-Perret<br \/>\nBaron Philippe de Rothschild S.A.<\/p>\n<h3>Fotos :<\/h3>\n<p>XXXX, Baron Philippe de Rothschild S.A.<\/p>\n","protected":false},"excerpt":{"rendered":"<p>INFORMACI\u00d3N Y ALCOHOL Baron Philippe de Rothschild Maipo Chile SpA mantiene este sitio web actualizado para el uso personal de personas legalmente autorizadas a consumir bebidas alcoh\u00f3licas en pa\u00edses donde dicho consumo es legal. TODOS LOS DERECHOS RESERVADOS Baron Philippe de Rothschild Maipo Chile SpA es el propietario \u00fanico de los logotipos, derechos de autor [&hellip;]<\/p>\n","protected":false},"author":5,"featured_media":0,"parent":0,"menu_order":0,"comment_status":"closed","ping_status":"closed","template":"page-mention.php","meta":[],"acf":[],"yoast_head":"<!-- This site is optimized with the Yoast SEO plugin v21.8 - https:\/\/yoast.com\/wordpress\/plugins\/seo\/ -->\n<title>Menciones legales - MAPU<\/title>\n<meta name=\"robots\" content=\"index, follow, max-snippet:-1, max-image-preview:large, max-video-preview:-1\" \/>\n<link rel=\"canonical\" href=\"https:\/\/www.mapu-wines.com\/es\/menciones-legales\/\" \/>\n<meta property=\"og:locale\" content=\"es_ES\" \/>\n<meta property=\"og:type\" content=\"article\" \/>\n<meta property=\"og:title\" content=\"Menciones legales - MAPU\" \/>\n<meta property=\"og:description\" content=\"INFORMACI\u00d3N Y ALCOHOL Baron Philippe de Rothschild Maipo Chile SpA mantiene este sitio web actualizado para el uso personal de personas legalmente autorizadas a consumir bebidas alcoh\u00f3licas en pa\u00edses donde dicho consumo es legal. TODOS LOS DERECHOS RESERVADOS Baron Philippe de Rothschild Maipo Chile SpA es el propietario \u00fanico de los logotipos, derechos de autor [&hellip;]\" \/>\n<meta property=\"og:url\" content=\"https:\/\/www.mapu-wines.com\/es\/menciones-legales\/\" \/>\n<meta property=\"og:site_name\" content=\"MAPU\" \/>\n<meta property=\"article:modified_time\" content=\"2023-07-27T13:28:16+00:00\" \/>\n<meta name=\"twitter:card\" content=\"summary_large_image\" \/>\n<meta name=\"twitter:label1\" content=\"Est. reading time\" \/>\n\t<meta name=\"twitter:data1\" content=\"3 minutes\" \/>\n<script type=\"application\/ld+json\" class=\"yoast-schema-graph\">{\"@context\":\"https:\/\/schema.org\",\"@graph\":[{\"@type\":\"WebPage\",\"@id\":\"https:\/\/www.mapu-wines.com\/es\/menciones-legales\/\",\"url\":\"https:\/\/www.mapu-wines.com\/es\/menciones-legales\/\",\"name\":\"Menciones legales - MAPU\",\"isPartOf\":{\"@id\":\"https:\/\/www.mapu-wines.com\/#website\"},\"datePublished\":\"2020-02-28T08:01:12+00:00\",\"dateModified\":\"2023-07-27T13:28:16+00:00\",\"breadcrumb\":{\"@id\":\"https:\/\/www.mapu-wines.com\/es\/menciones-legales\/#breadcrumb\"},\"inLanguage\":\"es-ES\",\"potentialAction\":[{\"@type\":\"ReadAction\",\"target\":[\"https:\/\/www.mapu-wines.com\/es\/menciones-legales\/\"]}]},{\"@type\":\"BreadcrumbList\",\"@id\":\"https:\/\/www.mapu-wines.com\/es\/menciones-legales\/#breadcrumb\",\"itemListElement\":[{\"@type\":\"ListItem\",\"position\":1,\"name\":\"Home\",\"item\":\"https:\/\/www.mapu-wines.com\/es\/\"},{\"@type\":\"ListItem\",\"position\":2,\"name\":\"Menciones legales\"}]},{\"@type\":\"WebSite\",\"@id\":\"https:\/\/www.mapu-wines.com\/#website\",\"url\":\"https:\/\/www.mapu-wines.com\/\",\"name\":\"MAPU\",\"description\":\"Just another WordPress site\",\"potentialAction\":[{\"@type\":\"SearchAction\",\"target\":{\"@type\":\"EntryPoint\",\"urlTemplate\":\"https:\/\/www.mapu-wines.com\/?s={search_term_string}\"},\"query-input\":\"required name=search_term_string\"}],\"inLanguage\":\"es-ES\"}]}<\/script>\n<!-- \/ Yoast SEO plugin. -->","yoast_head_json":{"title":"Menciones legales - MAPU","robots":{"index":"index","follow":"follow","max-snippet":"max-snippet:-1","max-image-preview":"max-image-preview:large","max-video-preview":"max-video-preview:-1"},"canonical":"https:\/\/www.mapu-wines.com\/es\/menciones-legales\/","og_locale":"es_ES","og_type":"article","og_title":"Menciones legales - MAPU","og_description":"INFORMACI\u00d3N Y ALCOHOL Baron Philippe de Rothschild Maipo Chile SpA mantiene este sitio web actualizado para el uso personal de personas legalmente autorizadas a consumir bebidas alcoh\u00f3licas en pa\u00edses donde dicho consumo es legal. TODOS LOS DERECHOS RESERVADOS Baron Philippe de Rothschild Maipo Chile SpA es el propietario \u00fanico de los logotipos, derechos de autor [&hellip;]","og_url":"https:\/\/www.mapu-wines.com\/es\/menciones-legales\/","og_site_name":"MAPU","article_modified_time":"2023-07-27T13:28:16+00:00","twitter_card":"summary_large_image","twitter_misc":{"Est. reading time":"3 minutes"},"schema":{"@context":"https:\/\/schema.org","@graph":[{"@type":"WebPage","@id":"https:\/\/www.mapu-wines.com\/es\/menciones-legales\/","url":"https:\/\/www.mapu-wines.com\/es\/menciones-legales\/","name":"Menciones legales - MAPU","isPartOf":{"@id":"https:\/\/www.mapu-wines.com\/#website"},"datePublished":"2020-02-28T08:01:12+00:00","dateModified":"2023-07-27T13:28:16+00:00","breadcrumb":{"@id":"https:\/\/www.mapu-wines.com\/es\/menciones-legales\/#breadcrumb"},"inLanguage":"es-ES","potentialAction":[{"@type":"ReadAction","target":["https:\/\/www.mapu-wines.com\/es\/menciones-legales\/"]}]},{"@type":"BreadcrumbList","@id":"https:\/\/www.mapu-wines.com\/es\/menciones-legales\/#breadcrumb","itemListElement":[{"@type":"ListItem","position":1,"name":"Home","item":"https:\/\/www.mapu-wines.com\/es\/"},{"@type":"ListItem","position":2,"name":"Menciones legales"}]},{"@type":"WebSite","@id":"https:\/\/www.mapu-wines.com\/#website","url":"https:\/\/www.mapu-wines.com\/","name":"MAPU","description":"Just another WordPress site","potentialAction":[{"@type":"SearchAction","target":{"@type":"EntryPoint","urlTemplate":"https:\/\/www.mapu-wines.com\/?s={search_term_string}"},"query-input":"required name=search_term_string"}],"inLanguage":"es-ES"}]}},"_links":{"self":[{"href":"https:\/\/www.mapu-wines.com\/es\/wp-json\/wp\/v2\/pages\/2274\/"}],"collection":[{"href":"https:\/\/www.mapu-wines.com\/es\/wp-json\/wp\/v2\/pages\/"}],"about":[{"href":"https:\/\/www.mapu-wines.com\/es\/wp-json\/wp\/v2\/types\/page\/"}],"author":[{"embeddable":true,"href":"https:\/\/www.mapu-wines.com\/es\/wp-json\/wp\/v2\/users\/5\/"}],"replies":[{"embeddable":true,"href":"https:\/\/www.mapu-wines.com\/es\/wp-json\/wp\/v2\/comments\/?post=2274"}],"version-history":[{"count":7,"href":"https:\/\/www.mapu-wines.com\/es\/wp-json\/wp\/v2\/pages\/2274\/revisions\/"}],"predecessor-version":[{"id":6253,"href":"https:\/\/www.mapu-wines.com\/es\/wp-json\/wp\/v2\/pages\/2274\/revisions\/6253\/"}],"wp:attachment":[{"href":"https:\/\/www.mapu-wines.com\/es\/wp-json\/wp\/v2\/media\/?parent=2274"}],"curies":[{"name":"wp","href":"https:\/\/api.w.org\/{rel}","templated":true}]}}